{"id":40,"date":"2024-09-04T21:53:04","date_gmt":"2024-09-04T19:53:04","guid":{"rendered":"http:\/\/wordpress.physioadam.com\/?page_id=40"},"modified":"2025-01-28T19:22:30","modified_gmt":"2025-01-28T18:22:30","slug":"karriere","status":"publish","type":"page","link":"https:\/\/physioadam.com\/?page_id=40","title":{"rendered":"Karriere"},"content":{"rendered":"<div  class='flex_column av-1e6cw-9e86186d29704e489e62972d01193b91 av_two_third  avia-builder-el-0  el_before_av_one_third  avia-builder-el-first  first flex_column_div  '     ><section  class='av_textblock_section av-m50xk8yr-df73a896b8b6eb7782ea682511b471e7 '   itemscope=\"itemscope\" itemtype=\"https:\/\/schema.org\/CreativeWork\" ><div class='avia_textblock'  itemprop=\"text\" ><div>\n<h2>Wir brauchen DICH! <span class=\"cf1 ff1\">\ud83d\udc99<\/span><\/h2>\n<p><span class=\"cf1\"> Werde als Physiotherapeut\/in (m\/w\/d) Teil von unseres Teams und gehe Abends mit einem L\u00e4cheln nach Hause &#8211; wir sorgen daf\u00fcr! <\/span><span class=\"cf1 ff1\">\ud83d\ude42<\/span><\/p>\n<\/div>\n<div>Was du mitbringst?<\/div>\n<div><span class=\"cf1 ff1\">\ud83d\udcaa<\/span><span class=\"cf1\"> Abgeschlossene Berufsausbildung als Physiotherapeut\/in<\/span><\/div>\n<div><span class=\"cf1 ff1\">\ud83d\udcaa<\/span><span class=\"cf1\"> Aufgeschlossenheit und Kommunikationsf\u00e4higkeit <\/span><\/div>\n<div><span class=\"cf1 ff1\">\ud83d\udcaa<\/span><span class=\"cf1\"> Freude im Umgang mit Patienten und Kollegen<\/span><\/div>\n<div><span class=\"cf1 ff1\">\ud83d\udcaa<\/span><span class=\"cf1\"> Du hast Spa\u00df an Deinem Beruf und m\u00f6chtest die Zukunft der Physiotherapie mitgestalten<\/span><\/div>\n<div>\n<p><span class=\"cf1\"> Was bei uns auf Dich wartet? <\/span><span class=\"cf1 ff1\">\ud83d\ude4c<\/span><\/p>\n<p><span class=\"cf1 ff1\">\ud83c\udf31<\/span><span class=\"cf1\"> Moderne Wohlf\u00fchl-Atmosph\u00e4re <\/span><br \/>\n<span class=\"cf1 ff1\">\ud83d\udcb0<\/span><span class=\"cf1\"> Faire Bezahlung und viele weitere Benefits<\/span><br \/>\n<span class=\"cf1 ff1\">\ud83d\ude0a<\/span><span class=\"cf1\"> Gestalte unsere Physiotherapie mit und bringe deine Ideen mit ein<\/span><br \/>\n<span class=\"cf1 ff1\">\ud83d\udca1<\/span><span class=\"cf1\"> Optimale F\u00f6rderung deiner Pers\u00f6nlichkeit (Regelm\u00e4\u00dfige Fort- und Weiterbildungen)<\/span><br \/>\n<span class=\"cf1 ff1\">\ud83d\ude4c<\/span><span class=\"cf1\"> Biete Deinen Patienten einen nachhaltigen Therapieerfolg \u00fcber das Rezept hinaus<\/span><br \/>\n<span class=\"cf1 ff1\">\ud83e\udd29<\/span><span class=\"cf1\"> Arbeitsumfeld mit sp\u00fcrbar positiven Vibes<\/span><\/p>\n<p><span class=\"cf1\"> Und nein, das sind noch lange nicht alle Vorteile f\u00fcr dich! <\/span><span class=\"cf1 ff1\">\ud83d\ude0a<\/span><\/p>\n<p><span class=\"cf1\">Bewirb Dich unverbindlich per eMail an <span class=\"imUl fs11lh1-5\"><b><a class=\"imCssLink\" href=\"mailto:physioadam@gmx.de?subject=Bewerbung&amp;body=\">physioadam@gmx.de<\/a> <\/b>oder direkt <a href=\"https:\/\/physioadam.com\/?page_id=153\"><b>HIER<\/b><\/a><\/span>! <\/span><span class=\"cf1 ff1\">\ud83d\ude4c<\/span><\/p>\n<p><span class=\"cf1\"> Wir freuen uns auf Dich! <\/span><span class=\"cf1 ff1\">\ud83d\udcaa<\/span><\/p>\n<\/div>\n<\/div><\/section><\/div><div  class='flex_column av-ux5c-aa60b39532a6b11d08cef54d656a6ac9 av_one_third  avia-builder-el-2  el_after_av_two_third  avia-builder-el-last  flex_column_div  '     ><section  class='av_textblock_section av-m50xmlz8-e08b9df274e20ac92366b4b372e287d2 '   itemscope=\"itemscope\" itemtype=\"https:\/\/schema.org\/CreativeWork\" ><div class='avia_textblock'  itemprop=\"text\" ><h4>Klicke auf das physioadam Logo um zur Schnellbewerbung zu kommen<\/h4>\n<\/div><\/section><br \/>\n\n<style type=\"text\/css\" data-created_by=\"avia_inline_auto\" id=\"style-css-av-m50xnuan-91823263eaf8f8651a24b9fd909992c5\">\n.avia-image-container.av-m50xnuan-91823263eaf8f8651a24b9fd909992c5 img.avia_image{\nbox-shadow:none;\n}\n.avia-image-container.av-m50xnuan-91823263eaf8f8651a24b9fd909992c5 .av-image-caption-overlay-center{\ncolor:#ffffff;\n}\n<\/style>\n<div  class='avia-image-container av-m50xnuan-91823263eaf8f8651a24b9fd909992c5 av-styling- av-img-linked avia-align-center  avia-builder-el-4  el_after_av_textblock  avia-builder-el-last '   itemprop=\"image\" itemscope=\"itemscope\" itemtype=\"https:\/\/schema.org\/ImageObject\" ><div class=\"avia-image-container-inner\"><div class=\"avia-image-overlay-wrap\"><a href=\"https:\/\/physioadam.com\/?page_id=153\" class='avia_image '  aria-label='cropped-physioadam_logo_gross.png'><img decoding=\"async\" fetchpriority=\"high\" class='wp-image-82 avia-img-lazy-loading-not-82 avia_image ' src=\"https:\/\/physioadam.com\/wordpress\/wp-content\/uploads\/2024\/09\/cropped-physioadam_logo_gross-300x300.png\" alt='' title='cropped-physioadam_logo_gross.png'  height=\"300\" width=\"300\"  itemprop=\"thumbnailUrl\" srcset=\"https:\/\/physioadam.com\/wordpress\/wp-content\/uploads\/2024\/09\/cropped-physioadam_logo_gross-300x300.png 300w, https:\/\/physioadam.com\/wordpress\/wp-content\/uploads\/2024\/09\/cropped-physioadam_logo_gross-80x80.png 80w, https:\/\/physioadam.com\/wordpress\/wp-content\/uploads\/2024\/09\/cropped-physioadam_logo_gross-36x36.png 36w, https:\/\/physioadam.com\/wordpress\/wp-content\/uploads\/2024\/09\/cropped-physioadam_logo_gross-180x180.png 180w, https:\/\/physioadam.com\/wordpress\/wp-content\/uploads\/2024\/09\/cropped-physioadam_logo_gross-270x270.png 270w, https:\/\/physioadam.com\/wordpress\/wp-content\/uploads\/2024\/09\/cropped-physioadam_logo_gross-192x192.png 192w, https:\/\/physioadam.com\/wordpress\/wp-content\/uploads\/2024\/09\/cropped-physioadam_logo_gross-32x32.png 32w, https:\/\/physioadam.com\/wordpress\/wp-content\/uploads\/2024\/09\/cropped-physioadam_logo_gross.png 512w\" sizes=\"(max-width: 300px) 100vw, 300px\" \/><\/a><\/div><\/div><\/div><\/p><\/div><\/p>\n","protected":false},"excerpt":{"rendered":"","protected":false},"author":1,"featured_media":0,"parent":0,"menu_order":0,"comment_status":"closed","ping_status":"closed","template":"","meta":{"footnotes":""},"class_list":["post-40","page","type-page","status-publish","hentry"],"yoast_head":"<!-- This site is optimized with the Yoast SEO plugin v27.5 - https:\/\/yoast.com\/product\/yoast-seo-wordpress\/ -->\n<title>Karriere - physioadam<\/title>\n<meta name=\"description\" content=\"physioadam.com Praxis f\u00fcr Physiotherpie in Filderstadt Bonlanden Flughafen Stuttgart Drysurf Krankengymnastik und mehr\" \/>\n<meta name=\"robots\" content=\"index, follow, max-snippet:-1, max-image-preview:large, max-video-preview:-1\" \/>\n<link rel=\"canonical\" href=\"https:\/\/physioadam.com\/?page_id=40\" \/>\n<meta property=\"og:locale\" content=\"de_DE\" \/>\n<meta property=\"og:type\" content=\"article\" \/>\n<meta property=\"og:title\" content=\"Karriere - physioadam\" \/>\n<meta property=\"og:description\" content=\"physioadam.com Praxis f\u00fcr Physiotherpie in Filderstadt Bonlanden Flughafen Stuttgart Drysurf Krankengymnastik und mehr\" \/>\n<meta property=\"og:url\" content=\"https:\/\/physioadam.com\/?page_id=40\" \/>\n<meta property=\"og:site_name\" content=\"physioadam\" \/>\n<meta property=\"article:modified_time\" content=\"2025-01-28T18:22:30+00:00\" \/>\n<meta name=\"twitter:card\" content=\"summary_large_image\" \/>\n<meta name=\"twitter:label1\" content=\"Gesch\u00e4tzte Lesezeit\" \/>\n\t<meta name=\"twitter:data1\" content=\"2\u00a0Minuten\" \/>\n<script type=\"application\/ld+json\" class=\"yoast-schema-graph\">{\"@context\":\"https:\\\/\\\/schema.org\",\"@graph\":[{\"@type\":\"WebPage\",\"@id\":\"https:\\\/\\\/physioadam.com\\\/?page_id=40\",\"url\":\"https:\\\/\\\/physioadam.com\\\/?page_id=40\",\"name\":\"Karriere - physioadam\",\"isPartOf\":{\"@id\":\"https:\\\/\\\/physioadam.com\\\/#website\"},\"datePublished\":\"2024-09-04T19:53:04+00:00\",\"dateModified\":\"2025-01-28T18:22:30+00:00\",\"description\":\"physioadam.com Praxis f\u00fcr Physiotherpie in Filderstadt Bonlanden Flughafen Stuttgart Drysurf Krankengymnastik und mehr\",\"breadcrumb\":{\"@id\":\"https:\\\/\\\/physioadam.com\\\/?page_id=40#breadcrumb\"},\"inLanguage\":\"de\",\"potentialAction\":[{\"@type\":\"ReadAction\",\"target\":[\"https:\\\/\\\/physioadam.com\\\/?page_id=40\"]}]},{\"@type\":\"BreadcrumbList\",\"@id\":\"https:\\\/\\\/physioadam.com\\\/?page_id=40#breadcrumb\",\"itemListElement\":[{\"@type\":\"ListItem\",\"position\":1,\"name\":\"Startseite\",\"item\":\"https:\\\/\\\/physioadam.com\\\/?page_id=32\"},{\"@type\":\"ListItem\",\"position\":2,\"name\":\"Karriere\"}]},{\"@type\":\"WebSite\",\"@id\":\"https:\\\/\\\/physioadam.com\\\/#website\",\"url\":\"https:\\\/\\\/physioadam.com\\\/\",\"name\":\"physioadam\",\"description\":\"Physiotherapeutische Praxis Filderstadt Bonlanden in der N\u00e4he vom Flughafen Stuttgart\",\"potentialAction\":[{\"@type\":\"SearchAction\",\"target\":{\"@type\":\"EntryPoint\",\"urlTemplate\":\"https:\\\/\\\/physioadam.com\\\/?s={search_term_string}\"},\"query-input\":{\"@type\":\"PropertyValueSpecification\",\"valueRequired\":true,\"valueName\":\"search_term_string\"}}],\"inLanguage\":\"de\"}]}<\/script>\n<!-- \/ Yoast SEO plugin. -->","yoast_head_json":{"title":"Karriere - physioadam","description":"physioadam.com Praxis f\u00fcr Physiotherpie in Filderstadt Bonlanden Flughafen Stuttgart Drysurf Krankengymnastik und mehr","robots":{"index":"index","follow":"follow","max-snippet":"max-snippet:-1","max-image-preview":"max-image-preview:large","max-video-preview":"max-video-preview:-1"},"canonical":"https:\/\/physioadam.com\/?page_id=40","og_locale":"de_DE","og_type":"article","og_title":"Karriere - physioadam","og_description":"physioadam.com Praxis f\u00fcr Physiotherpie in Filderstadt Bonlanden Flughafen Stuttgart Drysurf Krankengymnastik und mehr","og_url":"https:\/\/physioadam.com\/?page_id=40","og_site_name":"physioadam","article_modified_time":"2025-01-28T18:22:30+00:00","twitter_card":"summary_large_image","twitter_misc":{"Gesch\u00e4tzte Lesezeit":"2\u00a0Minuten"},"schema":{"@context":"https:\/\/schema.org","@graph":[{"@type":"WebPage","@id":"https:\/\/physioadam.com\/?page_id=40","url":"https:\/\/physioadam.com\/?page_id=40","name":"Karriere - physioadam","isPartOf":{"@id":"https:\/\/physioadam.com\/#website"},"datePublished":"2024-09-04T19:53:04+00:00","dateModified":"2025-01-28T18:22:30+00:00","description":"physioadam.com Praxis f\u00fcr Physiotherpie in Filderstadt Bonlanden Flughafen Stuttgart Drysurf Krankengymnastik und mehr","breadcrumb":{"@id":"https:\/\/physioadam.com\/?page_id=40#breadcrumb"},"inLanguage":"de","potentialAction":[{"@type":"ReadAction","target":["https:\/\/physioadam.com\/?page_id=40"]}]},{"@type":"BreadcrumbList","@id":"https:\/\/physioadam.com\/?page_id=40#breadcrumb","itemListElement":[{"@type":"ListItem","position":1,"name":"Startseite","item":"https:\/\/physioadam.com\/?page_id=32"},{"@type":"ListItem","position":2,"name":"Karriere"}]},{"@type":"WebSite","@id":"https:\/\/physioadam.com\/#website","url":"https:\/\/physioadam.com\/","name":"physioadam","description":"Physiotherapeutische Praxis Filderstadt Bonlanden in der N\u00e4he vom Flughafen Stuttgart","potentialAction":[{"@type":"SearchAction","target":{"@type":"EntryPoint","urlTemplate":"https:\/\/physioadam.com\/?s={search_term_string}"},"query-input":{"@type":"PropertyValueSpecification","valueRequired":true,"valueName":"search_term_string"}}],"inLanguage":"de"}]}},"_links":{"self":[{"href":"https:\/\/physioadam.com\/index.php?rest_route=\/wp\/v2\/pages\/40","targetHints":{"allow":["GET"]}}],"collection":[{"href":"https:\/\/physioadam.com\/index.php?rest_route=\/wp\/v2\/pages"}],"about":[{"href":"https:\/\/physioadam.com\/index.php?rest_route=\/wp\/v2\/types\/page"}],"author":[{"embeddable":true,"href":"https:\/\/physioadam.com\/index.php?rest_route=\/wp\/v2\/users\/1"}],"replies":[{"embeddable":true,"href":"https:\/\/physioadam.com\/index.php?rest_route=%2Fwp%2Fv2%2Fcomments&post=40"}],"version-history":[{"count":7,"href":"https:\/\/physioadam.com\/index.php?rest_route=\/wp\/v2\/pages\/40\/revisions"}],"predecessor-version":[{"id":271,"href":"https:\/\/physioadam.com\/index.php?rest_route=\/wp\/v2\/pages\/40\/revisions\/271"}],"wp:attachment":[{"href":"https:\/\/physioadam.com\/index.php?rest_route=%2Fwp%2Fv2%2Fmedia&parent=40"}],"curies":[{"name":"wp","href":"https:\/\/api.w.org\/{rel}","templated":true}]}}