{"id":36,"date":"2024-09-04T21:53:04","date_gmt":"2024-09-04T19:53:04","guid":{"rendered":"http:\/\/wordpress.physioadam.com\/?page_id=36"},"modified":"2026-04-29T10:19:32","modified_gmt":"2026-04-29T08:19:32","slug":"oeffnungszeiten","status":"publish","type":"page","link":"https:\/\/physioadam.com\/?page_id=36","title":{"rendered":"\u00d6ffnungszeiten"},"content":{"rendered":"<div  class='flex_column av-okc-3cbd276f71b6ea51f2b177b0a825c560 av_three_fifth  avia-builder-el-0  el_before_av_two_fifth  avia-builder-el-first  first flex_column_div  '     ><style type=\"text\/css\" data-created_by=\"avia_inline_auto\" id=\"style-css-av-1nf5c-f6d530285b1865f19c29029126da2303\">\n#top .av_textblock_section.av-1nf5c-f6d530285b1865f19c29029126da2303 .avia_textblock{\nfont-size:16px;\n}\n<\/style>\n<section  class='av_textblock_section av-1nf5c-f6d530285b1865f19c29029126da2303 '   itemscope=\"itemscope\" itemtype=\"https:\/\/schema.org\/CreativeWork\" ><div class='avia_textblock'  itemprop=\"text\" ><p style=\"text-align: center;\"><strong>Neue \u00d6ffnungszeiten ab 01.05.2026<\/strong><\/p>\n<p style=\"text-align: center;\"><strong>Montag: <\/strong>08:30 &#8211; 12:00 und 14:00 &#8211; 18:00 Uhr<\/p>\n<p style=\"text-align: center;\"><strong>Dienstag: <\/strong>08:00 &#8211; 13:00 und 13:30 &#8211; 18:00 Uhr<\/p>\n<p style=\"text-align: center;\"><strong>Mittwoch: <\/strong>08:30 &#8211; 13:00 und 14:00 &#8211; 18:00 Uhr<\/p>\n<p style=\"text-align: center;\"><strong>Donnerstag: <\/strong>08:00 &#8211; 13:00 und 13:30 &#8211; 18:00 Uhr<\/p>\n<p style=\"text-align: center;\"><strong>Freitag: <\/strong>08:00 &#8211; 13:00 Uhr<\/p>\n<p style=\"text-align: center;\"><strong>Termine nur nach Vereinbarung<\/strong><\/p>\n<\/div><\/section><\/div><div  class='flex_column av-3ikk-d4998d100256d2c4994e11a3fcf83a35 av_two_fifth  avia-builder-el-2  el_after_av_three_fifth  avia-builder-el-last  flex_column_div  '     ><style type=\"text\/css\" data-created_by=\"avia_inline_auto\" id=\"style-css-av-m50z6z4f-d994f50e7385b3e29bb24acff9d0a9b0\">\n@keyframes av_boxShadowEffect_av-m50z6z4f-d994f50e7385b3e29bb24acff9d0a9b0 {\n0%   { box-shadow:  0 0 0 0 ; opacity: 1; }\n100% { box-shadow:  0 0 10px 0 ; opacity: 1; }\n}\n.avia-image-container.av-m50z6z4f-d994f50e7385b3e29bb24acff9d0a9b0 img.avia_image{\nbox-shadow: 0 0 10px 0 ;\n}\n.avia-image-container.av-m50z6z4f-d994f50e7385b3e29bb24acff9d0a9b0 .av-image-caption-overlay-center{\ncolor:#ffffff;\n}\n<\/style>\n<div  class='avia-image-container av-m50z6z4f-d994f50e7385b3e29bb24acff9d0a9b0 av-styling-circle avia-align-center  avia-builder-el-3  avia-builder-el-no-sibling  av-img-box-shadow av-box-shadow-not-animated'   itemprop=\"image\" itemscope=\"itemscope\" itemtype=\"https:\/\/schema.org\/ImageObject\" ><div class=\"avia-image-container-inner\"><div class=\"avia-image-overlay-wrap\"><img decoding=\"async\" fetchpriority=\"high\" class='wp-image-54 avia-img-lazy-loading-not-54 avia_image shadow-not-animated' src=\"https:\/\/physioadam.com\/wordpress\/wp-content\/uploads\/2024\/09\/IMG_0055_vqysj52a-225x300.jpg\" alt='' title='IMG_0055_vqysj52a'  height=\"300\" width=\"225\"  itemprop=\"thumbnailUrl\" srcset=\"https:\/\/physioadam.com\/wordpress\/wp-content\/uploads\/2024\/09\/IMG_0055_vqysj52a-225x300.jpg 225w, https:\/\/physioadam.com\/wordpress\/wp-content\/uploads\/2024\/09\/IMG_0055_vqysj52a.jpg 480w\" sizes=\"(max-width: 225px) 100vw, 225px\" \/><\/div><\/div><\/div><\/div><\/p>\n","protected":false},"excerpt":{"rendered":"","protected":false},"author":1,"featured_media":0,"parent":0,"menu_order":0,"comment_status":"closed","ping_status":"closed","template":"","meta":{"footnotes":""},"class_list":["post-36","page","type-page","status-publish","hentry"],"yoast_head":"<!-- This site is optimized with the Yoast SEO plugin v27.5 - https:\/\/yoast.com\/product\/yoast-seo-wordpress\/ -->\n<title>\u00d6ffnungszeiten - physioadam<\/title>\n<meta name=\"description\" content=\"\u00d6ffnungszeiten physioadam.com Praxis f\u00fcr Physiotherpie in Filderstadt Bonlanden Flughafen Stuttgart Drysurf Krankengymnastik und mehr\" \/>\n<meta name=\"robots\" content=\"index, follow, max-snippet:-1, max-image-preview:large, max-video-preview:-1\" \/>\n<link rel=\"canonical\" href=\"https:\/\/physioadam.com\/?page_id=36\" \/>\n<meta property=\"og:locale\" content=\"de_DE\" \/>\n<meta property=\"og:type\" content=\"article\" \/>\n<meta property=\"og:title\" content=\"\u00d6ffnungszeiten - physioadam\" \/>\n<meta property=\"og:description\" content=\"\u00d6ffnungszeiten physioadam.com Praxis f\u00fcr Physiotherpie in Filderstadt Bonlanden Flughafen Stuttgart Drysurf Krankengymnastik und mehr\" \/>\n<meta property=\"og:url\" content=\"https:\/\/physioadam.com\/?page_id=36\" \/>\n<meta property=\"og:site_name\" content=\"physioadam\" \/>\n<meta property=\"article:modified_time\" content=\"2026-04-29T08:19:32+00:00\" \/>\n<meta name=\"twitter:card\" content=\"summary_large_image\" \/>\n<meta name=\"twitter:label1\" content=\"Gesch\u00e4tzte Lesezeit\" \/>\n\t<meta name=\"twitter:data1\" content=\"1\u00a0Minute\" \/>\n<script type=\"application\/ld+json\" class=\"yoast-schema-graph\">{\"@context\":\"https:\\\/\\\/schema.org\",\"@graph\":[{\"@type\":\"WebPage\",\"@id\":\"https:\\\/\\\/physioadam.com\\\/?page_id=36\",\"url\":\"https:\\\/\\\/physioadam.com\\\/?page_id=36\",\"name\":\"\u00d6ffnungszeiten - physioadam\",\"isPartOf\":{\"@id\":\"https:\\\/\\\/physioadam.com\\\/#website\"},\"datePublished\":\"2024-09-04T19:53:04+00:00\",\"dateModified\":\"2026-04-29T08:19:32+00:00\",\"description\":\"\u00d6ffnungszeiten physioadam.com Praxis f\u00fcr Physiotherpie in Filderstadt Bonlanden Flughafen Stuttgart Drysurf Krankengymnastik und mehr\",\"breadcrumb\":{\"@id\":\"https:\\\/\\\/physioadam.com\\\/?page_id=36#breadcrumb\"},\"inLanguage\":\"de\",\"potentialAction\":[{\"@type\":\"ReadAction\",\"target\":[\"https:\\\/\\\/physioadam.com\\\/?page_id=36\"]}]},{\"@type\":\"BreadcrumbList\",\"@id\":\"https:\\\/\\\/physioadam.com\\\/?page_id=36#breadcrumb\",\"itemListElement\":[{\"@type\":\"ListItem\",\"position\":1,\"name\":\"Startseite\",\"item\":\"https:\\\/\\\/physioadam.com\\\/?page_id=32\"},{\"@type\":\"ListItem\",\"position\":2,\"name\":\"\u00d6ffnungszeiten\"}]},{\"@type\":\"WebSite\",\"@id\":\"https:\\\/\\\/physioadam.com\\\/#website\",\"url\":\"https:\\\/\\\/physioadam.com\\\/\",\"name\":\"physioadam\",\"description\":\"Physiotherapeutische Praxis Filderstadt Bonlanden in der N\u00e4he vom Flughafen Stuttgart\",\"potentialAction\":[{\"@type\":\"SearchAction\",\"target\":{\"@type\":\"EntryPoint\",\"urlTemplate\":\"https:\\\/\\\/physioadam.com\\\/?s={search_term_string}\"},\"query-input\":{\"@type\":\"PropertyValueSpecification\",\"valueRequired\":true,\"valueName\":\"search_term_string\"}}],\"inLanguage\":\"de\"}]}<\/script>\n<!-- \/ Yoast SEO plugin. -->","yoast_head_json":{"title":"\u00d6ffnungszeiten - physioadam","description":"\u00d6ffnungszeiten physioadam.com Praxis f\u00fcr Physiotherpie in Filderstadt Bonlanden Flughafen Stuttgart Drysurf Krankengymnastik und mehr","robots":{"index":"index","follow":"follow","max-snippet":"max-snippet:-1","max-image-preview":"max-image-preview:large","max-video-preview":"max-video-preview:-1"},"canonical":"https:\/\/physioadam.com\/?page_id=36","og_locale":"de_DE","og_type":"article","og_title":"\u00d6ffnungszeiten - physioadam","og_description":"\u00d6ffnungszeiten physioadam.com Praxis f\u00fcr Physiotherpie in Filderstadt Bonlanden Flughafen Stuttgart Drysurf Krankengymnastik und mehr","og_url":"https:\/\/physioadam.com\/?page_id=36","og_site_name":"physioadam","article_modified_time":"2026-04-29T08:19:32+00:00","twitter_card":"summary_large_image","twitter_misc":{"Gesch\u00e4tzte Lesezeit":"1\u00a0Minute"},"schema":{"@context":"https:\/\/schema.org","@graph":[{"@type":"WebPage","@id":"https:\/\/physioadam.com\/?page_id=36","url":"https:\/\/physioadam.com\/?page_id=36","name":"\u00d6ffnungszeiten - physioadam","isPartOf":{"@id":"https:\/\/physioadam.com\/#website"},"datePublished":"2024-09-04T19:53:04+00:00","dateModified":"2026-04-29T08:19:32+00:00","description":"\u00d6ffnungszeiten physioadam.com Praxis f\u00fcr Physiotherpie in Filderstadt Bonlanden Flughafen Stuttgart Drysurf Krankengymnastik und mehr","breadcrumb":{"@id":"https:\/\/physioadam.com\/?page_id=36#breadcrumb"},"inLanguage":"de","potentialAction":[{"@type":"ReadAction","target":["https:\/\/physioadam.com\/?page_id=36"]}]},{"@type":"BreadcrumbList","@id":"https:\/\/physioadam.com\/?page_id=36#breadcrumb","itemListElement":[{"@type":"ListItem","position":1,"name":"Startseite","item":"https:\/\/physioadam.com\/?page_id=32"},{"@type":"ListItem","position":2,"name":"\u00d6ffnungszeiten"}]},{"@type":"WebSite","@id":"https:\/\/physioadam.com\/#website","url":"https:\/\/physioadam.com\/","name":"physioadam","description":"Physiotherapeutische Praxis Filderstadt Bonlanden in der N\u00e4he vom Flughafen Stuttgart","potentialAction":[{"@type":"SearchAction","target":{"@type":"EntryPoint","urlTemplate":"https:\/\/physioadam.com\/?s={search_term_string}"},"query-input":{"@type":"PropertyValueSpecification","valueRequired":true,"valueName":"search_term_string"}}],"inLanguage":"de"}]}},"_links":{"self":[{"href":"https:\/\/physioadam.com\/index.php?rest_route=\/wp\/v2\/pages\/36","targetHints":{"allow":["GET"]}}],"collection":[{"href":"https:\/\/physioadam.com\/index.php?rest_route=\/wp\/v2\/pages"}],"about":[{"href":"https:\/\/physioadam.com\/index.php?rest_route=\/wp\/v2\/types\/page"}],"author":[{"embeddable":true,"href":"https:\/\/physioadam.com\/index.php?rest_route=\/wp\/v2\/users\/1"}],"replies":[{"embeddable":true,"href":"https:\/\/physioadam.com\/index.php?rest_route=%2Fwp%2Fv2%2Fcomments&post=36"}],"version-history":[{"count":24,"href":"https:\/\/physioadam.com\/index.php?rest_route=\/wp\/v2\/pages\/36\/revisions"}],"predecessor-version":[{"id":389,"href":"https:\/\/physioadam.com\/index.php?rest_route=\/wp\/v2\/pages\/36\/revisions\/389"}],"wp:attachment":[{"href":"https:\/\/physioadam.com\/index.php?rest_route=%2Fwp%2Fv2%2Fmedia&parent=36"}],"curies":[{"name":"wp","href":"https:\/\/api.w.org\/{rel}","templated":true}]}}