{"id":26,"date":"2024-09-04T21:53:04","date_gmt":"2024-09-04T19:53:04","guid":{"rendered":"http:\/\/wordpress.physioadam.com\/?page_id=26"},"modified":"2026-02-21T18:53:07","modified_gmt":"2026-02-21T17:53:07","slug":"impressum","status":"publish","type":"page","link":"https:\/\/physioadam.com\/?page_id=26","title":{"rendered":"Impressum"},"content":{"rendered":"<div  class='flex_column av-2695e-1f98c6f7298951c52da038be10e7f274 av_one_half  avia-builder-el-0  el_before_av_one_half  avia-builder-el-first  first flex_column_div  '     ><section  class='av_textblock_section av-19htu-b4b82f9eea0e4af21da60de80bf6c54b '   itemscope=\"itemscope\" itemtype=\"https:\/\/schema.org\/CreativeWork\" ><div class='avia_textblock'  itemprop=\"text\" ><p><strong>physioadam.com<\/strong><\/p>\n<p>Stefanie Adam<br \/>\nphysioadam &#8211; Praxis f\u00fcr Physiotherapie, Heilpraktikerin (beschr\u00e4nkt auf Physiotherapie)<br \/>\nMarktstra\u00dfe 5<br \/>\n70794 Filderstadt<\/p>\n<p><strong>Kontakt:<\/strong><\/p>\n<p>Telefon: 0711\/504 786 78<\/p>\n<p>Telefax: 0711\/504 786 58<\/p>\n<p>E-Mail: info(a)physioadam.com<\/p>\n<p>Umsatzsteuer-Identifikationsnummer gem\u00e4\u00df \u00a727 a Umsatzsteuergesetz: 61830342591<\/p>\n<p>Aufsichtsbeh\u00f6rde: Gesundheitsamt Esslingen<\/p>\n<p>Berufsbezeichnung: Physiotherapeutin \/ Heilpraktikerin (beschr\u00e4nkt auf Physiotherapie)<\/p>\n<p>Verliehen durch: VPT Fellbach-Schmieden, Deutschland \/ Gesundheitsamt Heilbronn, Deutschland<\/p>\n<p>Es gelten folgende berufsrechtliche Regelungen:<br \/>\nRegelungen einsehbar unter: http:\/\/www.gesetze-im-internet.de\/mphg\/<\/p>\n<p><strong>Angaben zur Berufshaftpflichtversicherung:<\/strong><\/p>\n<p>Name und Sitz der Gesellschaft:<br \/>\nDialog Versicherung AG<br \/>\nAdenauerring 7<br \/>\n81737 M\u00fcnchen<\/p>\n<p>Geltungsraum der Versicherung: Deutschland<\/p>\n<p>Quelle: <em>http:\/\/www.e-recht24.de<\/em><\/p>\n<p>Haftungsausschluss (Disclaimer)<\/p>\n<p><strong>Haftung f\u00fcr Inhalte<\/strong><\/p>\n<p>Als \u00a0Diensteanbieter sind \u00a0wir f\u00fcr eigene Inhalte auf \u00a0diesen Seiten nach den \u00a0allgemeinen Gesetzen verantwortlich.<\/p>\n<p>Wir als Diensteanbieter sind jedoch nicht verpflichtet, \u00fcbermittelte oder gespeicherte fremde Informationen zu \u00fcberwachen oder nach Umst\u00e4nden zu forschen, die auf eine rechtswidrige T\u00e4tigkeit hinweisen. Verpflichtungen zur Entfernung oder Sperrung der Nutzung von Informationen nach den allgemeinen Gesetzen bleiben hiervon unber\u00fchrt.<\/p>\n<p>Eine diesbez\u00fcgliche Haftung ist jedoch erst ab dem Zeitpunkt der Kenntnis einer konkreten Rechtsverletzung m\u00f6glich. Bei Bekanntwerden von entsprechenden Rechtsverletzungen werden wir diese Inhalte umgehend entfernen.<\/p>\n<p><strong>Haftung f\u00fcr Links<\/strong><\/p>\n<p>Unser Angebot enth\u00e4lt Links zu externen Webseiten Dritter, auf deren Inhalte wir keinen Einfluss haben. Deshalb k\u00f6nnen wir f\u00fcr diese fremden Inhalte auch keine Gew\u00e4hr \u00fcbernehmen.<\/p>\n<p>F\u00fcr die Inhalte der verlinkten \u00a0Seiten ist \u00a0stets der jeweilige Anbieter oder Betreiber der Seiten verantwortlich. Die verlinkten Seiten wurden zum Zeitpunkt der Verlinkung auf m\u00f6gliche Rechtsverst\u00f6\u00dfe \u00fcberpr\u00fcft. Rechtswidrige Inhalte waren zum Zeitpunkt der Verlinkung nicht erkennbar. Eine permanente inhaltliche Kontrolle der verlinkten Seiten ist jedoch ohne konkrete Anhaltspunkte einer Rechtsverletzung nicht zumutbar. Bei Bekanntwerden von Rechtsverletzungen werden wir derartige Links umgehend entfernen.<\/p>\n<p><strong>Urheberrecht<\/strong><\/p>\n<p>Die durch die Seitenbetreiber erstellten Inhalte und Werke auf diesen\u00a0 Seiten unterliegen dem deutschen Urheberrecht. Die Vervielf\u00e4ltigung, Bearbeitung, Verbreitung und jede Art der Verwertung au\u00dferhalb der Grenzen des Urheberrechtes bed\u00fcrfen der schriftlichen Zustimmung des jeweiligen Autors bzw. Erstellers. Downloads und Kopien dieser Seite sind nur f\u00fcr den privaten, nicht kommerziellen Gebrauch gestattet. Soweit die Inhalte auf dieser Seite nicht vom Betreiber erstellt wurden, werden die Urheberrechte Dritter beachtet. Insbesondere werden Inhalte Dritter als solche gekennzeichnet. Sollten Sie trotzdem auf eine Urheberrechtsverletzung aufmerksam werden, bitten wir um einen entsprechenden Hinweis. Bei Bekanntwerden von Rechtsverletzungen werden wir derartige Inhalte umgehend entfernen.<\/p>\n<p><strong>Datenschutz<\/strong><\/p>\n<p>Die Betreiber dieser Seiten nehmen den Schutz Ihrer pers\u00f6nlichen Daten sehr ernst. Wir behandeln Ihre personenbezogenen Daten vertraulich und \u00a0entsprechend der gesetzlichen Datenschutzvorschriften sowie dieser Datenschutzerkl\u00e4rung und der EU-DS-GVO.<\/p>\n<p>Die Nutzung unserer Webseite ist in der Regel ohne Angabe personenbezogener Daten m\u00f6glich. Soweit auf unseren Seiten personenbezogene Daten (beispielsweise Name, Anschrift oder E-Mail-Adressen) erhoben werden, erfolgt dies, soweit m\u00f6glich, stets auf freiwilliger Basis. Diese Daten werden ohne Ihre ausdr\u00fcckliche Zustimmung nicht an Dritte weitergegeben.<\/p>\n<p>Wir weisen darauf hin, dass die Daten\u00fcbertragung im Internet (z.B. bei der \u00a0Kommunikation per E-Mail) Sicherheitsl\u00fccken aufweisen kann. Ein l\u00fcckenloser Schutz der Daten vor dem Zugriff durch Dritte ist nicht m\u00f6glich.<\/p>\n<\/div><\/section><\/div><div  class='flex_column av-y49e-378150c8e90a11ccff95be70a412bd9f av_one_half  avia-builder-el-2  el_after_av_one_half  avia-builder-el-last  flex_column_div  '     ><style type=\"text\/css\" data-created_by=\"avia_inline_auto\" id=\"style-css-av-m50za12x-9b3d816341f4749de2bda8bc64aa2a0b\">\n.avia-image-container.av-m50za12x-9b3d816341f4749de2bda8bc64aa2a0b img.avia_image{\nbox-shadow:none;\n}\n.avia-image-container.av-m50za12x-9b3d816341f4749de2bda8bc64aa2a0b .av-image-caption-overlay-center{\ncolor:#ffffff;\n}\n<\/style>\n<div  class='avia-image-container av-m50za12x-9b3d816341f4749de2bda8bc64aa2a0b av-styling- avia-align-center  avia-builder-el-3  avia-builder-el-no-sibling '   itemprop=\"image\" itemscope=\"itemscope\" itemtype=\"https:\/\/schema.org\/ImageObject\" ><div class=\"avia-image-container-inner\"><div class=\"avia-image-overlay-wrap\"><img decoding=\"async\" fetchpriority=\"high\" class='wp-image-55 avia-img-lazy-loading-not-55 avia_image ' src=\"https:\/\/physioadam.com\/wordpress\/wp-content\/uploads\/2024\/09\/IMG_0056.jpg\" alt='Knochen-Karle' title='IMG_0056'  height=\"626\" width=\"469\"  itemprop=\"thumbnailUrl\" srcset=\"https:\/\/physioadam.com\/wordpress\/wp-content\/uploads\/2024\/09\/IMG_0056.jpg 469w, https:\/\/physioadam.com\/wordpress\/wp-content\/uploads\/2024\/09\/IMG_0056-225x300.jpg 225w\" sizes=\"(max-width: 469px) 100vw, 469px\" \/><\/div><\/div><\/div><\/div><\/p>\n","protected":false},"excerpt":{"rendered":"","protected":false},"author":1,"featured_media":0,"parent":0,"menu_order":0,"comment_status":"closed","ping_status":"closed","template":"","meta":{"footnotes":""},"class_list":["post-26","page","type-page","status-publish","hentry"],"yoast_head":"<!-- This site is optimized with the Yoast SEO plugin v27.5 - https:\/\/yoast.com\/product\/yoast-seo-wordpress\/ -->\n<title>Impressum - physioadam<\/title>\n<meta name=\"description\" content=\"physioadam.com Praxis f\u00fcr Physiotherpie in Filderstadt Bonlanden Flughafen Stuttgart Drysurf Krankengymnastik und mehr\" \/>\n<meta name=\"robots\" content=\"index, follow, max-snippet:-1, max-image-preview:large, max-video-preview:-1\" \/>\n<link rel=\"canonical\" href=\"https:\/\/physioadam.com\/?page_id=26\" \/>\n<meta property=\"og:locale\" content=\"de_DE\" \/>\n<meta property=\"og:type\" content=\"article\" \/>\n<meta property=\"og:title\" content=\"Impressum - physioadam\" \/>\n<meta property=\"og:description\" content=\"physioadam.com Praxis f\u00fcr Physiotherpie in Filderstadt Bonlanden Flughafen Stuttgart Drysurf Krankengymnastik und mehr\" \/>\n<meta property=\"og:url\" content=\"https:\/\/physioadam.com\/?page_id=26\" \/>\n<meta property=\"og:site_name\" content=\"physioadam\" \/>\n<meta property=\"article:modified_time\" content=\"2026-02-21T17:53:07+00:00\" \/>\n<meta name=\"twitter:card\" content=\"summary_large_image\" \/>\n<meta name=\"twitter:label1\" content=\"Gesch\u00e4tzte Lesezeit\" \/>\n\t<meta name=\"twitter:data1\" content=\"3\u00a0Minuten\" \/>\n<script type=\"application\/ld+json\" class=\"yoast-schema-graph\">{\"@context\":\"https:\\\/\\\/schema.org\",\"@graph\":[{\"@type\":\"WebPage\",\"@id\":\"https:\\\/\\\/physioadam.com\\\/?page_id=26\",\"url\":\"https:\\\/\\\/physioadam.com\\\/?page_id=26\",\"name\":\"Impressum - physioadam\",\"isPartOf\":{\"@id\":\"https:\\\/\\\/physioadam.com\\\/#website\"},\"datePublished\":\"2024-09-04T19:53:04+00:00\",\"dateModified\":\"2026-02-21T17:53:07+00:00\",\"description\":\"physioadam.com Praxis f\u00fcr Physiotherpie in Filderstadt Bonlanden Flughafen Stuttgart Drysurf Krankengymnastik und mehr\",\"breadcrumb\":{\"@id\":\"https:\\\/\\\/physioadam.com\\\/?page_id=26#breadcrumb\"},\"inLanguage\":\"de\",\"potentialAction\":[{\"@type\":\"ReadAction\",\"target\":[\"https:\\\/\\\/physioadam.com\\\/?page_id=26\"]}]},{\"@type\":\"BreadcrumbList\",\"@id\":\"https:\\\/\\\/physioadam.com\\\/?page_id=26#breadcrumb\",\"itemListElement\":[{\"@type\":\"ListItem\",\"position\":1,\"name\":\"Startseite\",\"item\":\"https:\\\/\\\/physioadam.com\\\/?page_id=32\"},{\"@type\":\"ListItem\",\"position\":2,\"name\":\"Impressum\"}]},{\"@type\":\"WebSite\",\"@id\":\"https:\\\/\\\/physioadam.com\\\/#website\",\"url\":\"https:\\\/\\\/physioadam.com\\\/\",\"name\":\"physioadam\",\"description\":\"Physiotherapeutische Praxis Filderstadt Bonlanden in der N\u00e4he vom Flughafen Stuttgart\",\"potentialAction\":[{\"@type\":\"SearchAction\",\"target\":{\"@type\":\"EntryPoint\",\"urlTemplate\":\"https:\\\/\\\/physioadam.com\\\/?s={search_term_string}\"},\"query-input\":{\"@type\":\"PropertyValueSpecification\",\"valueRequired\":true,\"valueName\":\"search_term_string\"}}],\"inLanguage\":\"de\"}]}<\/script>\n<!-- \/ Yoast SEO plugin. -->","yoast_head_json":{"title":"Impressum - physioadam","description":"physioadam.com Praxis f\u00fcr Physiotherpie in Filderstadt Bonlanden Flughafen Stuttgart Drysurf Krankengymnastik und mehr","robots":{"index":"index","follow":"follow","max-snippet":"max-snippet:-1","max-image-preview":"max-image-preview:large","max-video-preview":"max-video-preview:-1"},"canonical":"https:\/\/physioadam.com\/?page_id=26","og_locale":"de_DE","og_type":"article","og_title":"Impressum - physioadam","og_description":"physioadam.com Praxis f\u00fcr Physiotherpie in Filderstadt Bonlanden Flughafen Stuttgart Drysurf Krankengymnastik und mehr","og_url":"https:\/\/physioadam.com\/?page_id=26","og_site_name":"physioadam","article_modified_time":"2026-02-21T17:53:07+00:00","twitter_card":"summary_large_image","twitter_misc":{"Gesch\u00e4tzte Lesezeit":"3\u00a0Minuten"},"schema":{"@context":"https:\/\/schema.org","@graph":[{"@type":"WebPage","@id":"https:\/\/physioadam.com\/?page_id=26","url":"https:\/\/physioadam.com\/?page_id=26","name":"Impressum - physioadam","isPartOf":{"@id":"https:\/\/physioadam.com\/#website"},"datePublished":"2024-09-04T19:53:04+00:00","dateModified":"2026-02-21T17:53:07+00:00","description":"physioadam.com Praxis f\u00fcr Physiotherpie in Filderstadt Bonlanden Flughafen Stuttgart Drysurf Krankengymnastik und mehr","breadcrumb":{"@id":"https:\/\/physioadam.com\/?page_id=26#breadcrumb"},"inLanguage":"de","potentialAction":[{"@type":"ReadAction","target":["https:\/\/physioadam.com\/?page_id=26"]}]},{"@type":"BreadcrumbList","@id":"https:\/\/physioadam.com\/?page_id=26#breadcrumb","itemListElement":[{"@type":"ListItem","position":1,"name":"Startseite","item":"https:\/\/physioadam.com\/?page_id=32"},{"@type":"ListItem","position":2,"name":"Impressum"}]},{"@type":"WebSite","@id":"https:\/\/physioadam.com\/#website","url":"https:\/\/physioadam.com\/","name":"physioadam","description":"Physiotherapeutische Praxis Filderstadt Bonlanden in der N\u00e4he vom Flughafen Stuttgart","potentialAction":[{"@type":"SearchAction","target":{"@type":"EntryPoint","urlTemplate":"https:\/\/physioadam.com\/?s={search_term_string}"},"query-input":{"@type":"PropertyValueSpecification","valueRequired":true,"valueName":"search_term_string"}}],"inLanguage":"de"}]}},"_links":{"self":[{"href":"https:\/\/physioadam.com\/index.php?rest_route=\/wp\/v2\/pages\/26","targetHints":{"allow":["GET"]}}],"collection":[{"href":"https:\/\/physioadam.com\/index.php?rest_route=\/wp\/v2\/pages"}],"about":[{"href":"https:\/\/physioadam.com\/index.php?rest_route=\/wp\/v2\/types\/page"}],"author":[{"embeddable":true,"href":"https:\/\/physioadam.com\/index.php?rest_route=\/wp\/v2\/users\/1"}],"replies":[{"embeddable":true,"href":"https:\/\/physioadam.com\/index.php?rest_route=%2Fwp%2Fv2%2Fcomments&post=26"}],"version-history":[{"count":8,"href":"https:\/\/physioadam.com\/index.php?rest_route=\/wp\/v2\/pages\/26\/revisions"}],"predecessor-version":[{"id":370,"href":"https:\/\/physioadam.com\/index.php?rest_route=\/wp\/v2\/pages\/26\/revisions\/370"}],"wp:attachment":[{"href":"https:\/\/physioadam.com\/index.php?rest_route=%2Fwp%2Fv2%2Fmedia&parent=26"}],"curies":[{"name":"wp","href":"https:\/\/api.w.org\/{rel}","templated":true}]}}