{"id":153,"date":"2024-12-23T12:04:00","date_gmt":"2024-12-23T11:04:00","guid":{"rendered":"http:\/\/wordpress.physioadam.com\/?page_id=153"},"modified":"2026-02-21T18:54:53","modified_gmt":"2026-02-21T17:54:53","slug":"bewerbungsseite","status":"publish","type":"page","link":"https:\/\/physioadam.com\/?page_id=153","title":{"rendered":"Bewerbung"},"content":{"rendered":"<div  class='flex_column av-eyiox-0bfc961e0af0e5f1b5fc10a7135dfe59 av_two_third  avia-builder-el-0  el_before_av_one_third  avia-builder-el-first  first flex_column_div  '     ><section  class='av_textblock_section av-m56v34su-ba431ee19443b34d29e187ffaff7295f '   itemscope=\"itemscope\" itemtype=\"https:\/\/schema.org\/CreativeWork\" ><div class='avia_textblock'  itemprop=\"text\" ><h2>Deine Schnellbewerbung<\/h2>\n\n<div class=\"wpcf7 no-js\" id=\"wpcf7-f230-o1\" lang=\"de-DE\" dir=\"ltr\" data-wpcf7-id=\"230\">\n<div class=\"screen-reader-response\"><p role=\"status\" aria-live=\"polite\" aria-atomic=\"true\"><\/p> <ul><\/ul><\/div>\n<form action=\"\/index.php?rest_route=%2Fwp%2Fv2%2Fpages%2F153#wpcf7-f230-o1\" method=\"post\" class=\"wpcf7-form init\" aria-label=\"Kontaktformular\" novalidate=\"novalidate\" data-status=\"init\">\n<fieldset class=\"hidden-fields-container\"><input type=\"hidden\" name=\"_wpcf7\" value=\"230\" \/><input type=\"hidden\" name=\"_wpcf7_version\" value=\"6.1.5\" \/><input type=\"hidden\" name=\"_wpcf7_locale\" value=\"de_DE\" \/><input type=\"hidden\" name=\"_wpcf7_unit_tag\" value=\"wpcf7-f230-o1\" \/><input type=\"hidden\" name=\"_wpcf7_container_post\" value=\"0\" \/><input type=\"hidden\" name=\"_wpcf7_posted_data_hash\" value=\"\" \/>\n<\/fieldset>\n<p><label> Dein Vorname<br \/>\n<span class=\"wpcf7-form-control-wrap\" data-name=\"your-first-name\"><input size=\"40\" maxlength=\"400\" class=\"wpcf7-form-control wpcf7-text wpcf7-validates-as-required\" autocomplete=\"name\" aria-required=\"true\" aria-invalid=\"false\" value=\"\" type=\"text\" name=\"your-first-name\" \/><\/span> <\/label>\n<\/p>\n<p><label> Dein Nachname<br \/>\n<span class=\"wpcf7-form-control-wrap\" data-name=\"your-last-name\"><input size=\"40\" maxlength=\"400\" class=\"wpcf7-form-control wpcf7-text wpcf7-validates-as-required\" autocomplete=\"name\" aria-required=\"true\" aria-invalid=\"false\" value=\"\" type=\"text\" name=\"your-last-name\" \/><\/span> <\/label>\n<\/p>\n<p><label> Deine E-Mail-Adresse<br \/>\n<span class=\"wpcf7-form-control-wrap\" data-name=\"your-email\"><input size=\"40\" maxlength=\"400\" class=\"wpcf7-form-control wpcf7-email wpcf7-validates-as-required wpcf7-text wpcf7-validates-as-email\" autocomplete=\"email\" aria-required=\"true\" aria-invalid=\"false\" value=\"\" type=\"email\" name=\"your-email\" \/><\/span> <\/label>\n<\/p>\n<p><label> Deine Telefonnummer<br \/>\n<span class=\"wpcf7-form-control-wrap\" data-name=\"your-phone-number\"><input size=\"40\" maxlength=\"400\" class=\"wpcf7-form-control wpcf7-tel wpcf7-validates-as-required wpcf7-text wpcf7-validates-as-tel\" aria-required=\"true\" aria-invalid=\"false\" value=\"\" type=\"tel\" name=\"your-phone-number\" \/><\/span> <\/label>\n<\/p>\n<p><label> Dein Geburtsdatum<br \/>\n<span class=\"wpcf7-form-control-wrap\" data-name=\"your-birthday\"><input class=\"wpcf7-form-control wpcf7-date wpcf7-validates-as-required wpcf7-validates-as-date\" aria-required=\"true\" aria-invalid=\"false\" value=\"\" type=\"date\" name=\"your-birthday\" \/><\/span> <\/label>\n<\/p>\n<p><label> Deine Berufsbezeichnung<br \/>\n<span class=\"wpcf7-form-control-wrap\" data-name=\"your-job-description\"><input size=\"40\" maxlength=\"400\" class=\"wpcf7-form-control wpcf7-text wpcf7-validates-as-required\" aria-required=\"true\" aria-invalid=\"false\" value=\"\" type=\"text\" name=\"your-job-description\" \/><\/span> <\/label>\n<\/p>\n<p><label> Deine Berufserfahrung in Jahren<br \/>\n<span class=\"wpcf7-form-control-wrap\" data-name=\"job-years\"><input class=\"wpcf7-form-control wpcf7-number wpcf7-validates-as-number\" aria-invalid=\"false\" value=\"\" type=\"number\" name=\"job-years\" \/><\/span> <\/label>\n<\/p>\n<p><label> Deine Fortbildungen<br \/>\n<span class=\"wpcf7-form-control-wrap\" data-name=\"your-further-edju\"><textarea cols=\"40\" rows=\"10\" maxlength=\"2000\" class=\"wpcf7-form-control wpcf7-textarea wpcf7-validates-as-required\" aria-required=\"true\" aria-invalid=\"false\" name=\"your-further-edju\"><\/textarea><\/span> <\/label>\n<\/p>\n<p><label> Deine Nachricht an pysioadam.com (optional)<br \/>\n<span class=\"wpcf7-form-control-wrap\" data-name=\"your-message\"><textarea cols=\"40\" rows=\"10\" maxlength=\"2000\" class=\"wpcf7-form-control wpcf7-textarea\" aria-invalid=\"false\" name=\"your-message\"><\/textarea><\/span> <\/label>\n<\/p>\n<p><span class=\"wpcf7-form-control-wrap\" data-name=\"file-upload\"><input size=\"40\" class=\"wpcf7-form-control wpcf7-drag-n-drop-file d-none\" aria-invalid=\"false\" type=\"file\" multiple=\"multiple\" data-name=\"file-upload\" data-type=\"pdf|doc|docx|xls|xlsx|jpg|bmp|png\" data-max=\"7\" data-id=\"230\" data-version=\"free version 1.3.9.7\" accept=\".pdf, .doc, .docx, .xls, .xlsx, .jpg, .bmp, .png\" data-black-list=\"exe|bat|com\" \/><\/span>\n<\/p>\n<p><span class=\"wpcf7-form-control-wrap kc_captcha cf7ic-toggle\" data-name=\"kc_captcha\"><span class=\"wpcf7-form-control wpcf7-radio\"><span class=\"captcha-image\" style=\"display: none;\"><span class=\"cf7ic_instructions\">Bitte beweise, dass du kein Spambot bist und w\u00e4hle das Symbol<span> Baum<\/span>.<\/span><label><input aria-label=\"1\" type=\"radio\" name=\"kc_captcha\" value=\"bot\" \/><svg aria-hidden=\"true\" role=\"img\" xmlns=\"http:\/\/www.w3.org\/2000\/svg\" viewBox=\"0 0 576 512\"><path fill=\"currentColor\" d=\"M415 24c-53 0-103 42-127 65-24-23-74-65-127-65C70 24 16 77 16 166c0 72 67 133 69 135l187 181c9 8 23 8 32 0l187-180c2-3 69-64 69-136 0-89-54-142-145-142z\"\/><\/svg><\/label><label><input aria-label=\"2\" type=\"radio\" name=\"kc_captcha\" value=\"bot\" \/><svg aria-hidden=\"true\" role=\"img\" xmlns=\"http:\/\/www.w3.org\/2000\/svg\" viewBox=\"0 0 640 512\"><path fill=\"currentColor\" d=\"M624 352h-16V244c0-13-5-25-14-34L494 110c-9-9-21-14-34-14h-44V48c0-26-21-48-48-48H48C22 0 0 22 0 48v320c0 27 22 48 48 48h16a96 96 0 00192 0h128a96 96 0 00192 0h48c9 0 16-7 16-16v-32c0-9-7-16-16-16zM160 464a48 48 0 110-96 48 48 0 010 96zm320 0a48 48 0 110-96 48 48 0 010 96zm80-208H416V144h44l100 100v12z\"\/><\/svg><\/label><label><input aria-label=\"3\" type=\"radio\" name=\"kc_captcha\" value=\"kc_human\" \/><svg aria-hidden=\"true\" role=\"img\" xmlns=\"http:\/\/www.w3.org\/2000\/svg\" viewBox=\"0 0 384 512\"><path fill=\"currentColor\" d=\"M377 375l-83-87h34c21 0 32-25 17-40l-82-88h33c21 0 32-25 18-40L210 8c-10-11-26-11-36 0L70 120c-14 15-3 40 18 40h33l-82 88c-15 15-4 40 17 40h34L7 375c-15 16-4 41 17 41h120c0 33-11 49-34 68-12 9-5 28 10 28h144c15 0 22-19 10-28-20-16-34-32-34-68h120c21 0 32-25 17-41z\"\/><\/svg><\/label>\r\n    <\/span>\r\n    <span style=\"display:none\">\r\n        <input type=\"text\" name=\"kc_honeypot\">\r\n    <\/span><\/span><\/span>\n<\/p>\n<p><input class=\"wpcf7-form-control wpcf7-submit has-spinner\" type=\"submit\" value=\"Senden\" \/>\n<\/p><input type='hidden' class='wpcf7-pum' value='{\"closepopup\":false,\"closedelay\":0,\"openpopup\":false,\"openpopup_id\":0}' \/><div class=\"wpcf7-response-output\" aria-hidden=\"true\"><\/div>\n<\/form>\n<\/div>\n\n<\/div><\/section><br \/>\n<section  class='av_textblock_section av-m56u3xy9-7f850278dea95fe7b416d1f0a10a311e '   itemscope=\"itemscope\" itemtype=\"https:\/\/schema.org\/CreativeWork\" ><div class='avia_textblock'  itemprop=\"text\" ><div class=\"docbox\">\n<h2 class=\"wp-block-heading\">Datenschutzhinweise f\u00fcr Bewerberinnen und Bewerber<\/h2>\n<p>Wir freuen uns, dass Sie sich f\u00fcr uns interessieren und sich f\u00fcr eine Stelle in unserem Unternehmen bewerben oder beworben haben. Wir m\u00f6chten Ihnen nachfolgend gerne Informationen zur Verarbeitung Ihrer personenbezogenen Daten im Zusammenhang mit der Bewerbung erteilen.<\/p>\n<h3 class=\"wp-block-heading\">Wer ist f\u00fcr Datenverarbeitung verantwortlich?<\/h3>\n<p>Verantwortlicher im Sinne des Datenschutzrecht ist die<\/p>\n<p>Stefanie Adam &#8211; Physiotherapeutin, Heilpraktikerin (beschr\u00e4nkt auf Physiotherapie)<br \/>\nMarktstra\u00dfe 5<br \/>\n70794 Filderstadt<\/p>\n<p>Sie finden weitere Informationen zu unserem Unternehmen, Angaben zu den vertretungsberechtigten Personen und auch weitere Kontaktm\u00f6glichkeiten in unserem Impressum unserer Internetseite: https:\/\/www.physioadam.com\/impressum<\/p>\n<h3 class=\"wp-block-heading\">Welche Daten von Ihnen werden von uns verarbeitet? Und zu welchen Zwecken?<\/h3>\n<p>Wir verarbeiten die Daten, die Sie uns im Zusammenhang mit Ihrer Bewerbung zugesendet haben, um Ihre Eignung f\u00fcr die Stelle (oder ggf. andere offene Positionen in unseren Unternehmen) zu pr\u00fcfen und das Bewerbungsverfahren durchzuf\u00fchren.<\/p>\n<h3 class=\"wp-block-heading\">Auf welcher rechtlichen Grundlage basiert das?<\/h3>\n<p>Rechtsgrundlage f\u00fcr die Verarbeitung Ihrer personenbezogenen Daten in diesem Bewerbungsverfahren ist prim\u00e4r Art. 6 Abs. 1 lit. b) DSGVO.<\/p>\n<p>Danach ist die Verarbeitung der Daten zul\u00e4ssig, die im Zusammenhang mit der Entscheidung \u00fcber die Begr\u00fcndung eines Besch\u00e4ftigungsverh\u00e4ltnisses erforderlich sind.<\/p>\n<p>Sollten die Daten nach Abschluss des Bewerbungsverfahrens ggf. zur Rechtsverfolgung erforderlich sein, kann eine Datenverarbeitung auf Basis der Voraussetzungen von Art. 6 DSGVO, insbesondere zur Wahrnehmung von berechtigten Interessen nach Art. 6 Abs. 1 lit. f) DSGVO erfolgen. Unser Interesse besteht dann in der Geltendmachung oder Abwehr von Anspr\u00fcchen.<\/p>\n<p>Sofern besondere Arten personenbezogener Daten i.S.d. Art. 9 DSGVO verarbeitet werden (z.B. Gesundheitsdaten) ist die Rechtsgrundlage \u00a7\u00a026 Abs. 3 BDSG bzw. Art. 9 Abs. 2 lit. b) DSGVO i.V.m. Art. 6 Abs. 1 lit. b) DSGVO.<\/p>\n<h3 class=\"wp-block-heading\">Wie lange werden die Daten gespeichert?<\/h3>\n<p>Daten von Bewerberinnen und Bewerbern werden im Falle einer Absage nach 6 Monaten gel\u00f6scht.<\/p>\n<p>F\u00fcr den Fall, dass Sie einer weiteren Speicherung Ihrer personenbezogenen Daten zugestimmt haben, werden wir Ihre Daten in unseren Bewerber-Pool \u00fcbernehmen. Dort werden die Daten nach Ablauf von zwei Jahren gel\u00f6scht.<\/p>\n<p>Sollten Sie im Rahmen des Bewerbungsverfahrens den Zuschlag f\u00fcr eine Stelle erhalten haben, werden die Daten aus dem Bewerberdatensystem in unser Personalinformationssystem \u00fcberf\u00fchrt.<\/p>\n<h3 class=\"wp-block-heading\">An welche Empf\u00e4nger werden die Daten weitergegeben?<\/h3>\n<p>Wir nutzen f\u00fcr den Bewerbungsprozess einen spezialisierten Software-Anbieter. Dieser wird als Dienstleister f\u00fcr uns t\u00e4tig und kann im Zusammenhang mit der Wartung und Pflege der Systeme ggf. auch Kenntnis von Ihren personenbezogenen Daten erhalten.<\/p>\n<p>Wir haben mit diesem Anbieter einen sog. Auftragsverarbeitungsvertrag abgeschlossen, der sicherstellt, dass die Datenverarbeitung in zul\u00e4ssiger Weise erfolgt.<\/p>\n<p>Ihre Bewerberdaten werden nach Eingang Ihrer Bewerbung von der Personalabteilung gesichtet. Geeignete Bewerbungen werden dann intern an die Abteilungsverantwortlichen f\u00fcr die jeweils offene Position weitergeleitet. Dann wird der weitere Ablauf abgestimmt. Im Unternehmen haben grunds\u00e4tzlich nur die Personen Zugriff auf Ihre Daten, die dies f\u00fcr den ordnungsgem\u00e4\u00dfen Ablauf unseres Bewerbungsverfahrens ben\u00f6tigen.<\/p>\n<h3 class=\"wp-block-heading\">Wo werden die Daten verarbeitet?<\/h3>\n<p>Die Daten werden ausschlie\u00dflich in Rechenzentren der Bundesrepublik Deutschland verarbeitet.<\/p>\n<h3 class=\"wp-block-heading\">Ihre Rechte als \u201eBetroffene\u201c<\/h3>\n<p>Sie haben das Recht auf Auskunft \u00fcber die von uns zu Ihrer Person verarbeiteten personenbezogenen Daten.<\/p>\n<p>Bei einer Auskunftsanfrage, die nicht schriftlich erfolgt, bitten wir um Verst\u00e4ndnis daf\u00fcr, dass wir dann ggf. Nachweise von Ihnen verlangen, die belegen, dass Sie die Person sind, f\u00fcr die Sie sich ausgeben.<\/p>\n<p>Ferner haben Sie ein Recht auf Berichtigung oder L\u00f6schung oder auf Einschr\u00e4nkung der Verarbeitung, soweit Ihnen dies gesetzlich zusteht.<\/p>\n<p>Ferner haben Sie ein <em>Widerspruchsrecht<\/em> gegen die Verarbeitung im Rahmen der gesetzlichen Vorgaben. Gleiches gilt f\u00fcr ein Recht auf Daten\u00fcbertragbarkeit.<\/p>\n<h3 class=\"wp-block-heading\">Unsere Datenschutzbeauftragte<\/h3>\n<p>Wir haben eine Datenschutzbeauftragte in unserem Unternehmen benannt. Sie erreichen diese unter folgenden Kontaktm\u00f6glichkeiten:<\/p>\n<p><strong>physioadam<\/strong><br \/>\nStefanie Adam<br \/>\nMarktstra\u00dfe 5<br \/>\n70794 Filderstadt<\/p>\n<p>E-Mail: info(a)physioadam.com<\/p>\n<h3 class=\"wp-block-heading\">Beschwerderecht<\/h3>\n<p>Sie haben das Recht, sich \u00fcber die Verarbeitung personenbezogenen Daten durch uns bei einer Aufsichtsbeh\u00f6rde f\u00fcr den Datenschutz zu beschweren.<\/p>\n<\/div>\n<\/div><\/section><\/p><\/div><div  class='flex_column av-ao2i9-ce1b9ac5764c311b1f197c634222aa52 av_one_third  avia-builder-el-3  el_after_av_two_third  avia-builder-el-last  flex_column_div  '     ><style type=\"text\/css\" data-created_by=\"avia_inline_auto\" id=\"style-css-av-m55na7bw-e3333c1adc3d80ea54ad0b08c30171d3\">\n.avia-image-container.av-m55na7bw-e3333c1adc3d80ea54ad0b08c30171d3 img.avia_image{\nbox-shadow:none;\n}\n.avia-image-container.av-m55na7bw-e3333c1adc3d80ea54ad0b08c30171d3 .av-image-caption-overlay-center{\ncolor:#ffffff;\n}\n<\/style>\n<div  class='avia-image-container av-m55na7bw-e3333c1adc3d80ea54ad0b08c30171d3 av-styling- avia-align-center  avia-builder-el-4  avia-builder-el-no-sibling '   itemprop=\"image\" itemscope=\"itemscope\" itemtype=\"https:\/\/schema.org\/ImageObject\" ><div class=\"avia-image-container-inner\"><div class=\"avia-image-overlay-wrap\"><img decoding=\"async\" fetchpriority=\"high\" class='wp-image-55 avia-img-lazy-loading-not-55 avia_image ' src=\"https:\/\/physioadam.com\/wordpress\/wp-content\/uploads\/2024\/09\/IMG_0056.jpg\" alt='Knochen-Karle' title='IMG_0056'  height=\"626\" width=\"469\"  itemprop=\"thumbnailUrl\" srcset=\"https:\/\/physioadam.com\/wordpress\/wp-content\/uploads\/2024\/09\/IMG_0056.jpg 469w, https:\/\/physioadam.com\/wordpress\/wp-content\/uploads\/2024\/09\/IMG_0056-225x300.jpg 225w\" sizes=\"(max-width: 469px) 100vw, 469px\" \/><\/div><\/div><\/div><\/div><\/p>\n","protected":false},"excerpt":{"rendered":"","protected":false},"author":1,"featured_media":0,"parent":0,"menu_order":0,"comment_status":"closed","ping_status":"closed","template":"","meta":{"footnotes":""},"class_list":["post-153","page","type-page","status-publish","hentry"],"yoast_head":"<!-- This site is optimized with the Yoast SEO plugin v27.5 - https:\/\/yoast.com\/product\/yoast-seo-wordpress\/ -->\n<title>Bewerbung - physioadam<\/title>\n<meta name=\"description\" content=\"Die Seite f\u00fcr eine schnelle und unkomplizierte Bewerbung auf physioadam.com Praxis f\u00fcr Physiotherapie in Filderstadt Flughafen Stuttgart\" \/>\n<meta name=\"robots\" content=\"index, follow, max-snippet:-1, max-image-preview:large, max-video-preview:-1\" \/>\n<link rel=\"canonical\" href=\"https:\/\/physioadam.com\/?page_id=153\" \/>\n<meta property=\"og:locale\" content=\"de_DE\" \/>\n<meta property=\"og:type\" content=\"article\" \/>\n<meta property=\"og:title\" content=\"Bewerbung - physioadam\" \/>\n<meta property=\"og:description\" content=\"Die Seite f\u00fcr eine schnelle und unkomplizierte Bewerbung auf physioadam.com Praxis f\u00fcr Physiotherapie in Filderstadt Flughafen Stuttgart\" \/>\n<meta property=\"og:url\" content=\"https:\/\/physioadam.com\/?page_id=153\" \/>\n<meta property=\"og:site_name\" content=\"physioadam\" \/>\n<meta property=\"article:modified_time\" content=\"2026-02-21T17:54:53+00:00\" \/>\n<meta name=\"twitter:card\" content=\"summary_large_image\" \/>\n<meta name=\"twitter:label1\" content=\"Gesch\u00e4tzte Lesezeit\" \/>\n\t<meta name=\"twitter:data1\" content=\"4\u00a0Minuten\" \/>\n<script type=\"application\/ld+json\" class=\"yoast-schema-graph\">{\"@context\":\"https:\\\/\\\/schema.org\",\"@graph\":[{\"@type\":\"WebPage\",\"@id\":\"https:\\\/\\\/physioadam.com\\\/?page_id=153\",\"url\":\"https:\\\/\\\/physioadam.com\\\/?page_id=153\",\"name\":\"Bewerbung - physioadam\",\"isPartOf\":{\"@id\":\"https:\\\/\\\/physioadam.com\\\/#website\"},\"datePublished\":\"2024-12-23T11:04:00+00:00\",\"dateModified\":\"2026-02-21T17:54:53+00:00\",\"description\":\"Die Seite f\u00fcr eine schnelle und unkomplizierte Bewerbung auf physioadam.com Praxis f\u00fcr Physiotherapie in Filderstadt Flughafen Stuttgart\",\"breadcrumb\":{\"@id\":\"https:\\\/\\\/physioadam.com\\\/?page_id=153#breadcrumb\"},\"inLanguage\":\"de\",\"potentialAction\":[{\"@type\":\"ReadAction\",\"target\":[\"https:\\\/\\\/physioadam.com\\\/?page_id=153\"]}]},{\"@type\":\"BreadcrumbList\",\"@id\":\"https:\\\/\\\/physioadam.com\\\/?page_id=153#breadcrumb\",\"itemListElement\":[{\"@type\":\"ListItem\",\"position\":1,\"name\":\"Startseite\",\"item\":\"https:\\\/\\\/physioadam.com\\\/?page_id=32\"},{\"@type\":\"ListItem\",\"position\":2,\"name\":\"Bewerbung\"}]},{\"@type\":\"WebSite\",\"@id\":\"https:\\\/\\\/physioadam.com\\\/#website\",\"url\":\"https:\\\/\\\/physioadam.com\\\/\",\"name\":\"physioadam\",\"description\":\"Physiotherapeutische Praxis Filderstadt Bonlanden in der N\u00e4he vom Flughafen Stuttgart\",\"potentialAction\":[{\"@type\":\"SearchAction\",\"target\":{\"@type\":\"EntryPoint\",\"urlTemplate\":\"https:\\\/\\\/physioadam.com\\\/?s={search_term_string}\"},\"query-input\":{\"@type\":\"PropertyValueSpecification\",\"valueRequired\":true,\"valueName\":\"search_term_string\"}}],\"inLanguage\":\"de\"}]}<\/script>\n<!-- \/ Yoast SEO plugin. -->","yoast_head_json":{"title":"Bewerbung - physioadam","description":"Die Seite f\u00fcr eine schnelle und unkomplizierte Bewerbung auf physioadam.com Praxis f\u00fcr Physiotherapie in Filderstadt Flughafen Stuttgart","robots":{"index":"index","follow":"follow","max-snippet":"max-snippet:-1","max-image-preview":"max-image-preview:large","max-video-preview":"max-video-preview:-1"},"canonical":"https:\/\/physioadam.com\/?page_id=153","og_locale":"de_DE","og_type":"article","og_title":"Bewerbung - physioadam","og_description":"Die Seite f\u00fcr eine schnelle und unkomplizierte Bewerbung auf physioadam.com Praxis f\u00fcr Physiotherapie in Filderstadt Flughafen Stuttgart","og_url":"https:\/\/physioadam.com\/?page_id=153","og_site_name":"physioadam","article_modified_time":"2026-02-21T17:54:53+00:00","twitter_card":"summary_large_image","twitter_misc":{"Gesch\u00e4tzte Lesezeit":"4\u00a0Minuten"},"schema":{"@context":"https:\/\/schema.org","@graph":[{"@type":"WebPage","@id":"https:\/\/physioadam.com\/?page_id=153","url":"https:\/\/physioadam.com\/?page_id=153","name":"Bewerbung - physioadam","isPartOf":{"@id":"https:\/\/physioadam.com\/#website"},"datePublished":"2024-12-23T11:04:00+00:00","dateModified":"2026-02-21T17:54:53+00:00","description":"Die Seite f\u00fcr eine schnelle und unkomplizierte Bewerbung auf physioadam.com Praxis f\u00fcr Physiotherapie in Filderstadt Flughafen Stuttgart","breadcrumb":{"@id":"https:\/\/physioadam.com\/?page_id=153#breadcrumb"},"inLanguage":"de","potentialAction":[{"@type":"ReadAction","target":["https:\/\/physioadam.com\/?page_id=153"]}]},{"@type":"BreadcrumbList","@id":"https:\/\/physioadam.com\/?page_id=153#breadcrumb","itemListElement":[{"@type":"ListItem","position":1,"name":"Startseite","item":"https:\/\/physioadam.com\/?page_id=32"},{"@type":"ListItem","position":2,"name":"Bewerbung"}]},{"@type":"WebSite","@id":"https:\/\/physioadam.com\/#website","url":"https:\/\/physioadam.com\/","name":"physioadam","description":"Physiotherapeutische Praxis Filderstadt Bonlanden in der N\u00e4he vom Flughafen Stuttgart","potentialAction":[{"@type":"SearchAction","target":{"@type":"EntryPoint","urlTemplate":"https:\/\/physioadam.com\/?s={search_term_string}"},"query-input":{"@type":"PropertyValueSpecification","valueRequired":true,"valueName":"search_term_string"}}],"inLanguage":"de"}]}},"_links":{"self":[{"href":"https:\/\/physioadam.com\/index.php?rest_route=\/wp\/v2\/pages\/153","targetHints":{"allow":["GET"]}}],"collection":[{"href":"https:\/\/physioadam.com\/index.php?rest_route=\/wp\/v2\/pages"}],"about":[{"href":"https:\/\/physioadam.com\/index.php?rest_route=\/wp\/v2\/types\/page"}],"author":[{"embeddable":true,"href":"https:\/\/physioadam.com\/index.php?rest_route=\/wp\/v2\/users\/1"}],"replies":[{"embeddable":true,"href":"https:\/\/physioadam.com\/index.php?rest_route=%2Fwp%2Fv2%2Fcomments&post=153"}],"version-history":[{"count":16,"href":"https:\/\/physioadam.com\/index.php?rest_route=\/wp\/v2\/pages\/153\/revisions"}],"predecessor-version":[{"id":371,"href":"https:\/\/physioadam.com\/index.php?rest_route=\/wp\/v2\/pages\/153\/revisions\/371"}],"wp:attachment":[{"href":"https:\/\/physioadam.com\/index.php?rest_route=%2Fwp%2Fv2%2Fmedia&parent=153"}],"curies":[{"name":"wp","href":"https:\/\/api.w.org\/{rel}","templated":true}]}}